{"id":142,"date":"2022-10-26T08:19:53","date_gmt":"2022-10-26T08:19:53","guid":{"rendered":"https:\/\/staging.sigmacem.com\/?page_id=142"},"modified":"2023-09-21T10:17:35","modified_gmt":"2023-09-21T10:17:35","slug":"neonet","status":"publish","type":"page","link":"https:\/\/staging.sigmacem.com\/pl\/success-story\/neonet\/","title":{"rendered":"Neonet"},"content":{"rendered":"<p>Detali\u015bci elektroniki u\u017cytkowej, prowadz\u0105cy sprzeda\u017c wielokana\u0142ow\u0105, \u0142\u0105cz\u0105 swoje sklepy stacjonarne z do\u015bwiadczeniem zakup\u00f3w online, oferuj\u0105c swoim klientom interaktywne zakupy wideo na \u017cywo oferowane przez firm\u0119 SIGMA. Dzi\u0119ki temu dostarczaj\u0105 spersonalizowanej obs\u0142ugi klienta dla znanych mi\u0119dzynarodowych marek premium, takich jak Electrolux, Dyson czy np. Delonghi.<\/p>\n\n\n\n<h2 class=\"wp-block-heading\">Wyzwanie<\/h2>\n\n\n\n<p>Nasi partnerzy zajmuj\u0105cy si\u0119 sprzeda\u017c\u0105 elektroniki u\u017cytkowej mieli potrzeb\u0119 znalezienia sposobu na po\u0142\u0105czenie klient\u00f3w internetowych z ekspertami marki, kt\u00f3rzy mogliby zapewni\u0107 im do\u015bwiadczenie konsultacyjne podobne do tego w sklepie stacjonarnym.<\/p>\n\n\n\n<h2 class=\"wp-block-heading\">Rozwi\u0105zanie<\/h2>\n\n\n\n<p>Po\u0142\u0105czy\u0107 klient\u00f3w sklep\u00f3w online z ekspertami sprzeda\u017cy w czasie rzeczywistym za pomoc\u0105 CallMe360 LIVE, aby konsultowa\u0107, doradza\u0107, inicjowa\u0107 i realizowa\u0107 sprzeda\u017c prosto z profesjonalnych studi\u00f3w produktowych prowadzonych przez SIGMA.<\/p>\n\n\n\n<h2 class=\"wp-block-heading\">Rezultat<\/h2>\n\n\n\n<p>Ponad 1000 po\u0142\u0105cze\u0144 dziennie ze wska\u017anikiem satysfakcji wynosz\u0105cym ponad 90%<\/p>","protected":false},"excerpt":{"rendered":"<p>The consumer electronic omnichannel retailers connecting their brick and mortar stores to an online experience, providing SIGMA live video shopping experiences that deliver personalized customer experience for well-known international premium brands like Electrolux, Dyson or e.g. DeLonghi. Challenge Our consumer electronic retail partners wanted to find a way to connect online customers with brand experts <a href=\"https:\/\/staging.sigmacem.com\/pl\/success-story\/neonet\/\" class=\"more-link\">&#8230;<span class=\"screen-reader-text\">  Neonet<\/span><\/a><\/p>","protected":false},"author":1,"featured_media":92,"parent":123,"menu_order":0,"comment_status":"closed","ping_status":"closed","template":"success-story.php","meta":{"footnotes":""},"class_list":["post-142","page","type-page","status-publish","has-post-thumbnail","hentry"],"_links":{"self":[{"href":"https:\/\/staging.sigmacem.com\/pl\/wp-json\/wp\/v2\/pages\/142","targetHints":{"allow":["GET"]}}],"collection":[{"href":"https:\/\/staging.sigmacem.com\/pl\/wp-json\/wp\/v2\/pages"}],"about":[{"href":"https:\/\/staging.sigmacem.com\/pl\/wp-json\/wp\/v2\/types\/page"}],"author":[{"embeddable":true,"href":"https:\/\/staging.sigmacem.com\/pl\/wp-json\/wp\/v2\/users\/1"}],"replies":[{"embeddable":true,"href":"https:\/\/staging.sigmacem.com\/pl\/wp-json\/wp\/v2\/comments?post=142"}],"version-history":[{"count":2,"href":"https:\/\/staging.sigmacem.com\/pl\/wp-json\/wp\/v2\/pages\/142\/revisions"}],"predecessor-version":[{"id":284,"href":"https:\/\/staging.sigmacem.com\/pl\/wp-json\/wp\/v2\/pages\/142\/revisions\/284"}],"up":[{"embeddable":true,"href":"https:\/\/staging.sigmacem.com\/pl\/wp-json\/wp\/v2\/pages\/123"}],"wp:featuredmedia":[{"embeddable":true,"href":"https:\/\/staging.sigmacem.com\/pl\/wp-json\/wp\/v2\/media\/92"}],"wp:attachment":[{"href":"https:\/\/staging.sigmacem.com\/pl\/wp-json\/wp\/v2\/media?parent=142"}],"curies":[{"name":"wp","href":"https:\/\/api.w.org\/{rel}","templated":true}]}}