{"id":149,"date":"2022-10-26T08:25:47","date_gmt":"2022-10-26T08:25:47","guid":{"rendered":"https:\/\/staging.sigmacem.com\/?page_id=149"},"modified":"2022-10-26T08:25:47","modified_gmt":"2022-10-26T08:25:47","slug":"grohe","status":"publish","type":"page","link":"https:\/\/staging.sigmacem.com\/pl\/success-story\/grohe\/","title":{"rendered":"Grohe"},"content":{"rendered":"<p>Rozwi\u0105zanie SIGMA QR-code dla Grohe, obejmuj\u0105ce dzia\u0142ania marketingowe, sprzeda\u017cowe i obs\u0142ug\u0119 posprzeda\u017cow\u0105, zapewnia nowe do\u015bwiadczenia klient\u00f3w sklep\u00f3w stacjonarnych w sklepach online: innowacyjne, skoncentrowane na kliencie, ekonomiczne i mierzalne.<\/p>\n\n\n\n<h2 class=\"wp-block-heading\">Wyzwanie<\/h2>\n\n\n\n<p>Zwi\u0119kszenie jako\u015bci obs\u0142ugi produkt\u00f3w Grohe na punktach sprzeda\u017cy.<\/p>\n\n\n\n<h2 class=\"wp-block-heading\">Rozwi\u0105zanie<\/h2>\n\n\n\n<p>Umieszczenie kod\u00f3w QR obok produkt\u00f3w lub ekspozycji na punktach sprzeda\u017cy. Po zeskanowaniu kodu nawi\u0105zywane jest po\u0142\u0105czenie z promotorem online, rozpoczynaj\u0105c personaln\u0105 konsultacj\u0119 produktow\u0105 na \u017cywo z wykorzystaniem sklepu stacjonarnego.<\/p>\n\n\n\n<h2 class=\"wp-block-heading\">Rezultat<\/h2>\n\n\n\n<p>Ci\u0105g\u0142e wsparcie pracownik\u00f3w sprzeda\u017cy detalicznej, realizuj\u0105c setki po\u0142\u0105cze\u0144 tygodniowo i osi\u0105gaj\u0105c wska\u017anik zadowolenia klient\u00f3w na poziomie 92%.<\/p>","protected":false},"excerpt":{"rendered":"<p>The SIGMA QR-code marketing-, sales- and after-sales solution for Grohe is providing a new online customer experience in offline retail: innovative, customer focused, cost effective and measurable. Challenge Increase the service quality for Grohe products on the POS. Solution Placing QR-codes next to products or expositions at the POS. After scanning a connection with an <a href=\"https:\/\/staging.sigmacem.com\/pl\/success-story\/grohe\/\" class=\"more-link\">&#8230;<span class=\"screen-reader-text\">  Grohe<\/span><\/a><\/p>","protected":false},"author":1,"featured_media":109,"parent":123,"menu_order":0,"comment_status":"closed","ping_status":"closed","template":"success-story.php","meta":{"footnotes":""},"class_list":["post-149","page","type-page","status-publish","has-post-thumbnail","hentry"],"_links":{"self":[{"href":"https:\/\/staging.sigmacem.com\/pl\/wp-json\/wp\/v2\/pages\/149","targetHints":{"allow":["GET"]}}],"collection":[{"href":"https:\/\/staging.sigmacem.com\/pl\/wp-json\/wp\/v2\/pages"}],"about":[{"href":"https:\/\/staging.sigmacem.com\/pl\/wp-json\/wp\/v2\/types\/page"}],"author":[{"embeddable":true,"href":"https:\/\/staging.sigmacem.com\/pl\/wp-json\/wp\/v2\/users\/1"}],"replies":[{"embeddable":true,"href":"https:\/\/staging.sigmacem.com\/pl\/wp-json\/wp\/v2\/comments?post=149"}],"version-history":[{"count":1,"href":"https:\/\/staging.sigmacem.com\/pl\/wp-json\/wp\/v2\/pages\/149\/revisions"}],"predecessor-version":[{"id":150,"href":"https:\/\/staging.sigmacem.com\/pl\/wp-json\/wp\/v2\/pages\/149\/revisions\/150"}],"up":[{"embeddable":true,"href":"https:\/\/staging.sigmacem.com\/pl\/wp-json\/wp\/v2\/pages\/123"}],"wp:featuredmedia":[{"embeddable":true,"href":"https:\/\/staging.sigmacem.com\/pl\/wp-json\/wp\/v2\/media\/109"}],"wp:attachment":[{"href":"https:\/\/staging.sigmacem.com\/pl\/wp-json\/wp\/v2\/media?parent=149"}],"curies":[{"name":"wp","href":"https:\/\/api.w.org\/{rel}","templated":true}]}}