{"id":151,"date":"2022-10-26T08:27:44","date_gmt":"2022-10-26T08:27:44","guid":{"rendered":"https:\/\/staging.sigmacem.com\/?page_id=151"},"modified":"2022-10-26T08:27:56","modified_gmt":"2022-10-26T08:27:56","slug":"dr-max","status":"publish","type":"page","link":"https:\/\/staging.sigmacem.com\/pl\/success-story\/dr-max\/","title":{"rendered":"Dr. Max"},"content":{"rendered":"<p>Dr. Max wspiera swoich klient\u00f3w w codziennych pytaniach zwi\u0105zanych ze zdrowiem i higien\u0105, zapewniaj\u0105c osobisty kontakt, niezale\u017cnie od miejsca, w kt\u00f3rym dokonuj\u0105 zakup\u00f3w. Wszystko dzi\u0119ki oferowanej przez SIGMA us\u0142udze - CallMe360 LIVE.<\/p>\n\n\n\n<h2 class=\"wp-block-heading\">Wyzwanie<\/h2>\n\n\n\n<p>Wprowadzenie nowej apteki internetowej na konkurencyjnym rynku.<\/p>\n\n\n\n<h2 class=\"wp-block-heading\">Rozwi\u0105zanie<\/h2>\n\n\n\n<p>Us\u0142uga jako unikalna cecha sprzeda\u017cy: wdro\u017cenie konsultant\u00f3w online ds. zdrowia i urody, kt\u00f3rzy pomagaj\u0105 klientom podczas zakup\u00f3w online, udzielaj\u0105c porad na \u017cywo.<\/p>\n\n\n\n<h2 class=\"wp-block-heading\">Rezultat<\/h2>\n\n\n\n<p>Konsultacje online przyczyni\u0142y si\u0119 do przekroczenia zak\u0142adanych wynik\u00f3w sprzeda\u017cy w fazie wprowadzania produktu na rynek.<\/p>","protected":false},"excerpt":{"rendered":"<p>Dr. Max supports its customers in their daily health and sanitary questions with a personal touch, regardless of where they shop, with help from CallMe360 LIVE by SIGMA. Challenge Launch of a new online drugstore in a competitive environment. Solution Service as USP: implementation of health &amp; beauty online consultants helping the customers with live <a href=\"https:\/\/staging.sigmacem.com\/pl\/success-story\/dr-max\/\" class=\"more-link\">&#8230;<span class=\"screen-reader-text\">  Dr. Max<\/span><\/a><\/p>","protected":false},"author":1,"featured_media":110,"parent":123,"menu_order":0,"comment_status":"closed","ping_status":"closed","template":"success-story.php","meta":{"footnotes":""},"class_list":["post-151","page","type-page","status-publish","has-post-thumbnail","hentry"],"_links":{"self":[{"href":"https:\/\/staging.sigmacem.com\/pl\/wp-json\/wp\/v2\/pages\/151","targetHints":{"allow":["GET"]}}],"collection":[{"href":"https:\/\/staging.sigmacem.com\/pl\/wp-json\/wp\/v2\/pages"}],"about":[{"href":"https:\/\/staging.sigmacem.com\/pl\/wp-json\/wp\/v2\/types\/page"}],"author":[{"embeddable":true,"href":"https:\/\/staging.sigmacem.com\/pl\/wp-json\/wp\/v2\/users\/1"}],"replies":[{"embeddable":true,"href":"https:\/\/staging.sigmacem.com\/pl\/wp-json\/wp\/v2\/comments?post=151"}],"version-history":[{"count":2,"href":"https:\/\/staging.sigmacem.com\/pl\/wp-json\/wp\/v2\/pages\/151\/revisions"}],"predecessor-version":[{"id":248,"href":"https:\/\/staging.sigmacem.com\/pl\/wp-json\/wp\/v2\/pages\/151\/revisions\/248"}],"up":[{"embeddable":true,"href":"https:\/\/staging.sigmacem.com\/pl\/wp-json\/wp\/v2\/pages\/123"}],"wp:featuredmedia":[{"embeddable":true,"href":"https:\/\/staging.sigmacem.com\/pl\/wp-json\/wp\/v2\/media\/110"}],"wp:attachment":[{"href":"https:\/\/staging.sigmacem.com\/pl\/wp-json\/wp\/v2\/media?parent=151"}],"curies":[{"name":"wp","href":"https:\/\/api.w.org\/{rel}","templated":true}]}}