{"id":155,"date":"2022-10-26T08:30:02","date_gmt":"2022-10-26T08:30:02","guid":{"rendered":"https:\/\/staging.sigmacem.com\/?page_id=155"},"modified":"2022-10-26T08:30:19","modified_gmt":"2022-10-26T08:30:19","slug":"jura","status":"publish","type":"page","link":"https:\/\/staging.sigmacem.com\/pl\/success-story\/jura\/","title":{"rendered":"Jura"},"content":{"rendered":"<p>Pracownicy Jura, wspierani przez wirtualne rozwi\u0105zanie sprzeda\u017cowe SIGMA, udzielaj\u0105 konsultacji klientom w ponad 92 sklepach detalicznych na terenie ca\u0142ej Europy.<\/p>\n\n\n\n<h2 class=\"wp-block-heading\">Wyzwanie<\/h2>\n\n\n\n<p>Zwi\u0119kszenie efektywno\u015bci pracownik\u00f3w sprzeda\u017cy podczas doradztwa dotycz\u0105cego produkt\u00f3w premium.<\/p>\n\n\n\n<h2 class=\"wp-block-heading\">Rozwi\u0105zanie<\/h2>\n\n\n\n<p>Budowa interaktywnego wirtualnego katalogu sprzeda\u017cy w celu wsparcia sprzeda\u017cy produkt\u00f3w premium (ekspres\u00f3w do kawy) i pomocy w znalezieniu odpowiednich akcesori\u00f3w do cross-sellingu.<\/p>\n\n\n\n<h2 class=\"wp-block-heading\">Rezultat<\/h2>\n\n\n\n<p>Podwojenie \u015bredniej warto\u015bci sprzeda\u017cy oraz wska\u017anik sprzeda\u017cy akcesori\u00f3w przekraczaj\u0105cy 80%.<\/p>","protected":false},"excerpt":{"rendered":"<p>Jura employees supported by SIGMA virtual sales solution are consulting customers in over 92 retail stores all over Europe. Challenge Increase the efficiency of sales employees during consultancy of a premium product. Solution Build an interactive virtual sales catalogue to support the sales of premium coffee machines and assist in finding the cross-selling right accessories. <a href=\"https:\/\/staging.sigmacem.com\/pl\/success-story\/jura\/\" class=\"more-link\">&#8230;<span class=\"screen-reader-text\">  Jura<\/span><\/a><\/p>","protected":false},"author":1,"featured_media":112,"parent":123,"menu_order":0,"comment_status":"closed","ping_status":"closed","template":"success-story.php","meta":{"footnotes":""},"class_list":["post-155","page","type-page","status-publish","has-post-thumbnail","hentry"],"_links":{"self":[{"href":"https:\/\/staging.sigmacem.com\/pl\/wp-json\/wp\/v2\/pages\/155","targetHints":{"allow":["GET"]}}],"collection":[{"href":"https:\/\/staging.sigmacem.com\/pl\/wp-json\/wp\/v2\/pages"}],"about":[{"href":"https:\/\/staging.sigmacem.com\/pl\/wp-json\/wp\/v2\/types\/page"}],"author":[{"embeddable":true,"href":"https:\/\/staging.sigmacem.com\/pl\/wp-json\/wp\/v2\/users\/1"}],"replies":[{"embeddable":true,"href":"https:\/\/staging.sigmacem.com\/pl\/wp-json\/wp\/v2\/comments?post=155"}],"version-history":[{"count":1,"href":"https:\/\/staging.sigmacem.com\/pl\/wp-json\/wp\/v2\/pages\/155\/revisions"}],"predecessor-version":[{"id":156,"href":"https:\/\/staging.sigmacem.com\/pl\/wp-json\/wp\/v2\/pages\/155\/revisions\/156"}],"up":[{"embeddable":true,"href":"https:\/\/staging.sigmacem.com\/pl\/wp-json\/wp\/v2\/pages\/123"}],"wp:featuredmedia":[{"embeddable":true,"href":"https:\/\/staging.sigmacem.com\/pl\/wp-json\/wp\/v2\/media\/112"}],"wp:attachment":[{"href":"https:\/\/staging.sigmacem.com\/pl\/wp-json\/wp\/v2\/media?parent=155"}],"curies":[{"name":"wp","href":"https:\/\/api.w.org\/{rel}","templated":true}]}}