{"id":256,"date":"2023-05-16T11:32:22","date_gmt":"2023-05-16T11:32:22","guid":{"rendered":"https:\/\/staging.sigmacem.com\/?page_id=256"},"modified":"2023-05-27T13:02:05","modified_gmt":"2023-05-27T13:02:05","slug":"contact-center-simple-definition","status":"publish","type":"page","link":"https:\/\/staging.sigmacem.com\/pl\/success-story\/contact-center-simple-definition\/","title":{"rendered":"Contact Center \u2013 simple definition"},"content":{"rendered":"<h2 class=\"wp-block-heading #content article .success-content h2\">Centrum obs\u0142ugi klienta \u2013 prosta definicja<\/h2>\n\n\n\n<p>Contact Center to centrum obs\u0142ugi klienta umo\u017cliwiaj\u0105ce Twoim klientom komunikacj\u0119 z firm\u0105 poprzez wykwalifikowanych i wyszkolonych konsultant\u00f3w. Kontakt mo\u017ce odbywa\u0107 si\u0119 przez rozmowy telefoniczne, czat oraz mailowo.<\/p>\n\n\n\n<p>Celem contact center jest zapewnienie twoim klientom profesjonalnej obs\u0142ugi, podanie odpowiedzi na ich pytania oraz rozwi\u0105zywanie napotkanych przez nich problem\u00f3w. Dobra jako\u015bciowo pomoc oraz doradztwo buduje relacje, kt\u00f3re przek\u0142adaj\u0105 si\u0119 na wi\u0119ksz\u0105 sprzeda\u017c i zyski.<\/p>\n\n\n\n<h2 class=\"wp-block-heading #content article .success-content h2\">Jak pracujemy i czego mo\u017cesz oczekiwa\u0107<\/h2>\n\n\n\n<p>Nasz\u0105 us\u0142ug\u0119 Contact Center tworz\u0105 wykwalifikowani konsultanci, kt\u00f3rzy s\u0105 gotowi do zdobywania nowej wiedzy i wspierania twojej firmy. W SigmaCEM priorytetem jest zadowolenie naszych pracownik\u00f3w, kt\u00f3rzy z kolei dbaj\u0105 o satysfakcj\u0119 Twoich klient\u00f3w.<\/p>\n\n\n\n<p>Nasze Contact Center jest zbudowane w oparciu o najlepsze praktyki i technologie, aby zapewni\u0107 szybk\u0105 i skuteczn\u0105 obs\u0142ug\u0119 klienta. Wierzymy, \u017ce ci\u0105g\u0142e doskonalenie us\u0142ug i troska o naszych konsultant\u00f3w przek\u0142ada si\u0119 na sukces i zadowolenie Twoich konsument\u00f3w.<\/p>\n\n\n\n<p>Oferujemy Ci zesp\u00f3\u0142 pracuj\u0105cy w naszym nowoczesnym systemie CallMe, a w zamian oczekujemy twojego zaufania. Wsp\u00f3\u0142praca z nami poprawi jako\u015b\u0107 kontaktu z Twoimi klientami oraz umo\u017cliwi Ci skupienie si\u0119 na rozwoju firmy, powierzaj\u0105c nam cz\u0119\u015b\u0107 obowi\u0105zk\u00f3w. Dzi\u0119ki takiemu rozwi\u0105zaniu wszyscy s\u0105 na wygranej pozycji.<\/p>\n\n\n\n<h2 class=\"wp-block-heading\">Dla kogo jeste\u015bmy?<\/h2>\n\n\n\n<p>Jeste\u015bmy tutaj dla Ciebie i Twojej firmy, niezale\u017cnie od tego, czy jeste\u015b ma\u0142\u0105 czy du\u017c\u0105 firm\u0105. Nie jest dla nas wa\u017cne czy zajmujesz si\u0119 sprzeda\u017c\u0105 produkt\u00f3w czy us\u0142ug. Chcemy pozna\u0107 Ciebie i Twoj\u0105 firm\u0119, oraz zatroszczy\u0107 si\u0119 o zadowolenie Twoich klient\u00f3w.<\/p>\n\n\n\n<p>Je\u015bli odnios\u0142e\u015b ju\u017c wiele sukces\u00f3w i chcesz jeszcze bardziej zoptymalizowa\u0107 obs\u0142ug\u0119 klienta, z przyjemno\u015bci\u0105 wesprzemy Twoje dzia\u0142ania i dostosujemy si\u0119 do Twoich pomys\u0142\u00f3w. Przedstawimy Ci nowoczesne i optymalne rozwi\u0105zania oraz podzielimy si\u0119 naszymi pomys\u0142ami na dalszy rozw\u00f3j kontaktu z klientem. Nasi konsultanci zadbaj\u0105 o bardziej efektywny kontakt Twojej firmy z konsumentami.<\/p>\n\n\n\n<p>Je\u015bli dopiero zaczynasz swoj\u0105 drog\u0119 biznesow\u0105 lub chcesz przekaza\u0107 nam cz\u0119\u015b\u0107 swoich obowi\u0105zk\u00f3w, zatroszczymy si\u0119 o dobre imi\u0119 Twojej firmy. Wsp\u00f3lnie stworzymy relacje mi\u0119dzy Twoj\u0105 firm\u0105, a Twoimi klientami. Przedstawimy Ci nasze do\u015bwiadczenie oraz propozycje optymalizacji kontaktu z konsumentami.<\/p>\n\n\n\n<h2 class=\"wp-block-heading\">Dlaczego wybra\u0107 nasze Contact Center<\/h2>\n\n\n\n<p>Contact Center to wa\u017cne narz\u0119dzie dla firm, kt\u00f3re chc\u0105 zapewni\u0107 wysoki poziom obs\u0142ugi klienta i zbudowa\u0107 pozytywny wizerunek swojej marki. W SigmaCEM nie ignorujemy nowoczesnych rozwi\u0105za\u0144 i idziemy z duchem czasu. Wdra\u017camy technologie AI by usprawni\u0107 obs\u0142ug\u0119 klient\u00f3w, jednocze\u015bnie nie lekcewa\u017c\u0105c tego, \u017ce dla konsument\u00f3w kontakt z drugim cz\u0142owiekiem jest bardzo wa\u017cny.<\/p>\n\n\n\n<p>Z tego powodu oferujemy zesp\u00f3\u0142 m\u0142odych i ch\u0119tnych do nauki konsultant\u00f3w. Ich sympatyczna obs\u0142uga jest bardzo doceniana przez klient\u00f3w naszej firmy, a jeszcze bardziej przez klient\u00f3w firm, z kt\u00f3rymi nawi\u0105zujemy wsp\u00f3\u0142prac\u0119. Ci\u0105gle rozwijajmy si\u0119, szkolimy nasz zesp\u00f3\u0142 i doskonalimy nasze systemy. Wdra\u017camy nowoczesne technologie, kt\u00f3re pozwalaj\u0105 usprawni\u0107 obs\u0142ug\u0119 i zredukowa\u0107 dla Ciebie koszty. W naszym biurze wida\u0107 ci\u0105g\u0142e zmiany na lepsze, aby ka\u017cdy kto w nim przebywa czu\u0142 si\u0119 dobrze i przekazywa\u0142 swoje dobre samopoczucie w postaci profesjonalnej obs\u0142ugi konsument\u00f3w.<\/p>\n\n\n\n<p>Nasz\u0105 cech\u0105 jest umiej\u0119tno\u015b\u0107 s\u0142uchania i dzia\u0142ania. Z nami zbudujesz jeszcze lepszy wizerunek swojej marki i zwi\u0119kszysz tym samym zyski. Skontaktuj si\u0119 z nami i przekonaj si\u0119, \u017ce warto z wsp\u00f3\u0142pracowa\u0107 z SigmaCEM!<\/p>\n\n\n\n<h2 class=\"wp-block-heading\">\u015arodowisko Sigma360<\/h2>\n\n\n\n<p>Korzystaj\u0105c z naszego Contact Center, firmy zyskuj\u0105 dost\u0119p do pe\u0142nego \u015brodowiska Sigma360, w kt\u00f3rym mamy dla Ciebie:<\/p>\n\n\n\n<p><strong style=\"color: #ee4043;\">\u2714 CallMe360 LIVE <\/strong>kt\u00f3re jest kompleksowym rozwi\u0105zaniem detalicznym, \u0142\u0105cz\u0105cym ekspert\u00f3w produktowych online z Twoimi klientami w celu konsultacji, doradztwa, inicjowania i realizacji sprzeda\u017cy;<\/p>\n\n\n\n<p><strong style=\"color: #ee4043;\">\u2714 Manago360<\/strong> kompleksowy modu\u0142 CRM;<\/p>\n\n\n\n<p><strong style=\"color: #ee4043;\">\u2714 Narz\u0119dzie Opinello360 <\/strong>, kt\u00f3re zbiera informacje zwrotne od klient\u00f3w, opinie i wyniki NPS w czasie rzeczywistym;<\/p>\n\n\n\n<p><strong style=\"color: #ee4043;\">\u2714 TestMe360<\/strong> dla pracownik\u00f3w, kt\u00f3re sprawdza i poszerza ich wiedz\u0119;<\/p>\n\n\n\n<p><strong style=\"color: #ee4043;\">\u2714 Booker360 <\/strong>gdzie klienci mog\u0105 rezerwowa\u0107 us\u0142ugi na okre\u015blone daty.<\/p>\n\n\n\n<p>Skontaktuj si\u0119 z nami i przekonaj si\u0119, \u017ce warto wsp\u00f3\u0142pracowa\u0107 z SigmaCEM!<\/p>","protected":false},"excerpt":{"rendered":"<p>Contact center \u2013 simple definition Contact Center is a customer service center that enables your customers to communicate with your company through skilled and trained consultants. Contact can be made through telephone conversations, chat, and email. The goal of the Contact Center is to provide your customers professional service, answer their questions, and solve any <a href=\"https:\/\/staging.sigmacem.com\/pl\/success-story\/contact-center-simple-definition\/\" class=\"more-link\">&#8230;<span class=\"screen-reader-text\">  Contact Center \u2013 simple definition<\/span><\/a><\/p>","protected":false},"author":1,"featured_media":162,"parent":123,"menu_order":0,"comment_status":"closed","ping_status":"closed","template":"success-story.php","meta":{"footnotes":""},"class_list":["post-256","page","type-page","status-publish","has-post-thumbnail","hentry"],"_links":{"self":[{"href":"https:\/\/staging.sigmacem.com\/pl\/wp-json\/wp\/v2\/pages\/256","targetHints":{"allow":["GET"]}}],"collection":[{"href":"https:\/\/staging.sigmacem.com\/pl\/wp-json\/wp\/v2\/pages"}],"about":[{"href":"https:\/\/staging.sigmacem.com\/pl\/wp-json\/wp\/v2\/types\/page"}],"author":[{"embeddable":true,"href":"https:\/\/staging.sigmacem.com\/pl\/wp-json\/wp\/v2\/users\/1"}],"replies":[{"embeddable":true,"href":"https:\/\/staging.sigmacem.com\/pl\/wp-json\/wp\/v2\/comments?post=256"}],"version-history":[{"count":5,"href":"https:\/\/staging.sigmacem.com\/pl\/wp-json\/wp\/v2\/pages\/256\/revisions"}],"predecessor-version":[{"id":271,"href":"https:\/\/staging.sigmacem.com\/pl\/wp-json\/wp\/v2\/pages\/256\/revisions\/271"}],"up":[{"embeddable":true,"href":"https:\/\/staging.sigmacem.com\/pl\/wp-json\/wp\/v2\/pages\/123"}],"wp:featuredmedia":[{"embeddable":true,"href":"https:\/\/staging.sigmacem.com\/pl\/wp-json\/wp\/v2\/media\/162"}],"wp:attachment":[{"href":"https:\/\/staging.sigmacem.com\/pl\/wp-json\/wp\/v2\/media?parent=256"}],"curies":[{"name":"wp","href":"https:\/\/api.w.org\/{rel}","templated":true}]}}